{"id":33,"date":"2025-02-22T14:31:18","date_gmt":"2025-02-22T14:31:18","guid":{"rendered":"https:\/\/casetta.hornemann.ch\/?page_id=33"},"modified":"2026-02-06T22:40:31","modified_gmt":"2026-02-06T22:40:31","slug":"info-abreise-winter","status":"publish","type":"page","link":"https:\/\/casetta.hornemann.ch\/index.php\/info-abreise-winter\/","title":{"rendered":"Info Abreise Winter (November-April)"},"content":{"rendered":"\n<p>Weil es im Winter sehr kalt werden kann ist es wichtig das Haus Frostschutzsicher zu hinterlassen<\/p>\n\n\n\n<p><strong>Putzen<\/strong><br>\u2022 \u00dcberpr\u00fcfen ob alle Fenster zu sind (vor allem K\u00fcche und Dusche)<br>\u2022 K\u00fchlschrank leeren und auf \u201e0\u201c stellen (K\u00fchlschrankt\u00fcr und Gefrierfach offen lassen)<br>\u2022 Alle verderblichen Lebensmittel mitnehmen <strong>(Wichtig!)<\/strong><br>\u2022 Fenster und die Fensterl\u00e4den auf Terrasse und im Kinderzimmer schliessen<br>\u2022 Staubsaugen und wenn n\u00f6tig feucht aufwischen<br><br><strong>Pellet Ofen<\/strong><br>\u2022 Pellets auff\u00fcllen <strong>(Wichtig!)<\/strong><br>\u2022 Brennkammer mit Aschesauger aussaugen <strong>(Wichtig!)<\/strong><br> Aschesauger ist im Keller. Nicht den normalen Staubsauger verwenden!<br>\u2022 Scheibe reinigen<br>\u2022 \u00dcberpr\u00fcfen dass Pelletdeckel und Ofent\u00fcr dicht schliessen <strong>(Wichtig!)<\/strong><br><br><strong>Wasser<\/strong> <strong>(Wichtig!)<\/strong><br><em>Kaltwasser abstellen:<\/em><br>\u2022 Haupthahn im Keller schliessen (im Uhrzeigersinn)<br>\u2022 Ablasshahn \u00f6ffnen und Wasser in Eimer laufen lassen (bis nichts mehr kommt)<br>\u2022 Ablasshahn wieder schliessen<br><em>Warmwasser abstellen:<\/em><br>\u2022 Den gr\u00fcnen Hahn unter dem Boiler schliessen<br>\u2022 Ablasshahn unter Boiler \u00f6ffnen (Hebel waagrecht)<br>\u2022 Wasser ablassen (l\u00e4uft in die Wanne unter der Bank) <br>\u2022 Ablasshahn wieder schliessen (Hebel senkrecht)<\/p>\n\n\n\n<p><strong>Frostschutz<\/strong> <strong>(Wichtig!)<\/strong> <br>\u2022 Elektroheizer im Kinderzimmer einstecken (WiFi Steckdose) und in die Dusche stellen <br>\u2022 Den Schalter auf &#8222;I&#8220; und den Drehregler auf ca &#8222;2-3&#8220; stellen. <br>\u2022 Duschvorhang zuziehen<br>\u2022 Wasser in der Kaffeemaschine leeren <strong>(Wichtig!)<\/strong> <br>\u2022 Boiler im Keller auf &#8222;<strong>*<\/strong>&#8220; stellen <strong>(Wichtig!)<\/strong><br>\u2022 Waschmaschine &#8211; Schlauch vom Wasserhahn trenne und Stecker ausziehen<br>\u2022 WC Sp\u00fclkasten leeren und danach (!) ein Becher Salz in das WC <strong>(Wichtig!)<\/strong><br> (kurz mit der Klob\u00fcrste verteilen, Salz steht links bei der Kellertreppe)<\/p>\n\n\n\n<p><strong>Abreise<\/strong><br>\u2022 \u00dcberpr\u00fcfen ob alle Lichter aus sind (auch das Licht an der Hausecke!) <strong>(Wichtig!)<\/strong> <br>\u2022 T\u00fcre unten zur Garage und oben an der Kellertreppe schliessen<br>   (T\u00fcre unten an der Treppe offen lassen)<br>\u2022 Haust\u00fcr, Vorraum und Garagent\u00fcr abschliessen<br>\u2022 Schl\u00fcssel wieder zur\u00fcck in den Schl\u00fcsseltresor <strong>(Wichtig!)<\/strong><\/p>\n","protected":false},"excerpt":{"rendered":"<p>Weil es im Winter sehr kalt werden kann ist es wichtig das Haus Frostschutzsicher zu hinterlassen Putzen\u2022 \u00dcberpr\u00fcfen ob alle Fenster zu sind (vor allem K\u00fcche und Dusche)\u2022 K\u00fchlschrank leeren und auf \u201e0\u201c stellen (K\u00fchlschrankt\u00fcr und Gefrierfach offen lassen)\u2022 Alle verderblichen Lebensmittel mitnehmen (Wichtig!)\u2022 Fenster und die Fensterl\u00e4den auf Terrasse und im Kinderzimmer schliessen\u2022 Staubsaugen &hellip; <\/p>\n<p class=\"link-more\"><a href=\"https:\/\/casetta.hornemann.ch\/index.php\/info-abreise-winter\/\" class=\"more-link\"><span class=\"screen-reader-text\">\u201eInfo Abreise Winter (November-April)\u201c<\/span> weiterlesen<\/a><\/p>\n","protected":false},"author":1,"featured_media":0,"parent":0,"menu_order":0,"comment_status":"closed","ping_status":"closed","template":"","meta":{"footnotes":""},"class_list":["post-33","page","type-page","status-publish","hentry"],"_links":{"self":[{"href":"https:\/\/casetta.hornemann.ch\/index.php\/wp-json\/wp\/v2\/pages\/33","targetHints":{"allow":["GET"]}}],"collection":[{"href":"https:\/\/casetta.hornemann.ch\/index.php\/wp-json\/wp\/v2\/pages"}],"about":[{"href":"https:\/\/casetta.hornemann.ch\/index.php\/wp-json\/wp\/v2\/types\/page"}],"author":[{"embeddable":true,"href":"https:\/\/casetta.hornemann.ch\/index.php\/wp-json\/wp\/v2\/users\/1"}],"replies":[{"embeddable":true,"href":"https:\/\/casetta.hornemann.ch\/index.php\/wp-json\/wp\/v2\/comments?post=33"}],"version-history":[{"count":11,"href":"https:\/\/casetta.hornemann.ch\/index.php\/wp-json\/wp\/v2\/pages\/33\/revisions"}],"predecessor-version":[{"id":58,"href":"https:\/\/casetta.hornemann.ch\/index.php\/wp-json\/wp\/v2\/pages\/33\/revisions\/58"}],"wp:attachment":[{"href":"https:\/\/casetta.hornemann.ch\/index.php\/wp-json\/wp\/v2\/media?parent=33"}],"curies":[{"name":"wp","href":"https:\/\/api.w.org\/{rel}","templated":true}]}}