{"id":31,"date":"2025-02-22T14:29:58","date_gmt":"2025-02-22T14:29:58","guid":{"rendered":"https:\/\/casetta.hornemann.ch\/?page_id=31"},"modified":"2026-02-06T22:38:28","modified_gmt":"2026-02-06T22:38:28","slug":"info-abreise-sommer","status":"publish","type":"page","link":"https:\/\/casetta.hornemann.ch\/index.php\/info-abreise-sommer\/","title":{"rendered":"Info Abreise Sommer (Mai-Oktober)"},"content":{"rendered":"\n<ul class=\"wp-block-list\">\n<li><\/li>\n<\/ul>\n\n\n\n<p>\u2022 Fenster und die Fensterl\u00e4den im Kinderzimmer schliessen<br>\u2022 Fensterl\u00e4den auf der Terrasse schliessen<br>\u2022 \u00dcberpr\u00fcfen ob alle Fenster zu sind (vor allem in der K\u00fcche und Dusche)<\/p>\n\n\n\n<p>\u2022 K\u00fchlschrank leeren und auf \u00ab0\u00bb stellen. T\u00fcr und Gefrierfach offen lassen !!<br>\u2022 Boiler im Keller auf \u00ab0\u00bb stellen <strong>(Wichtig!)<\/strong><br>\u2022 Wasser in der Kaffeemaschine leeren<br>\u2022 Alle verderblichen Lebensmittel mitnehmen <strong>(Wichtig!)<\/strong><br>\u2022 Staubsaugen und wenn n\u00f6tig feucht aufwischen<br><br>\u2022 Waschmaschine ausstecken<\/p>\n\n\n\n<p>\u2022 \u00dcberpr\u00fcfen ob alle Lichter aus sind (auch das Licht draussen an der Hausecke)<br>\u2022 Haust\u00fcr, Eingang zum Vorraum und Garagent\u00fcr abschliessen<\/p>\n\n\n\n<p>\u2022 Schl\u00fcssel wieder in Schl\u00fcsseltresor versorgen <strong>(Wichtig!)<\/strong><\/p>\n","protected":false},"excerpt":{"rendered":"<p>\u2022 Fenster und die Fensterl\u00e4den im Kinderzimmer schliessen\u2022 Fensterl\u00e4den auf der Terrasse schliessen\u2022 \u00dcberpr\u00fcfen ob alle Fenster zu sind (vor allem in der K\u00fcche und Dusche) \u2022 K\u00fchlschrank leeren und auf \u00ab0\u00bb stellen. T\u00fcr und Gefrierfach offen lassen !!\u2022 Boiler im Keller auf \u00ab0\u00bb stellen (Wichtig!)\u2022 Wasser in der Kaffeemaschine leeren\u2022 Alle verderblichen Lebensmittel mitnehmen &hellip; <\/p>\n<p class=\"link-more\"><a href=\"https:\/\/casetta.hornemann.ch\/index.php\/info-abreise-sommer\/\" class=\"more-link\"><span class=\"screen-reader-text\">\u201eInfo Abreise Sommer (Mai-Oktober)\u201c<\/span> weiterlesen<\/a><\/p>\n","protected":false},"author":1,"featured_media":0,"parent":0,"menu_order":0,"comment_status":"closed","ping_status":"closed","template":"","meta":{"footnotes":""},"class_list":["post-31","page","type-page","status-publish","hentry"],"_links":{"self":[{"href":"https:\/\/casetta.hornemann.ch\/index.php\/wp-json\/wp\/v2\/pages\/31","targetHints":{"allow":["GET"]}}],"collection":[{"href":"https:\/\/casetta.hornemann.ch\/index.php\/wp-json\/wp\/v2\/pages"}],"about":[{"href":"https:\/\/casetta.hornemann.ch\/index.php\/wp-json\/wp\/v2\/types\/page"}],"author":[{"embeddable":true,"href":"https:\/\/casetta.hornemann.ch\/index.php\/wp-json\/wp\/v2\/users\/1"}],"replies":[{"embeddable":true,"href":"https:\/\/casetta.hornemann.ch\/index.php\/wp-json\/wp\/v2\/comments?post=31"}],"version-history":[{"count":3,"href":"https:\/\/casetta.hornemann.ch\/index.php\/wp-json\/wp\/v2\/pages\/31\/revisions"}],"predecessor-version":[{"id":56,"href":"https:\/\/casetta.hornemann.ch\/index.php\/wp-json\/wp\/v2\/pages\/31\/revisions\/56"}],"wp:attachment":[{"href":"https:\/\/casetta.hornemann.ch\/index.php\/wp-json\/wp\/v2\/media?parent=31"}],"curies":[{"name":"wp","href":"https:\/\/api.w.org\/{rel}","templated":true}]}}